{"id":1092,"date":"2020-05-29T13:17:51","date_gmt":"2020-05-29T11:17:51","guid":{"rendered":"https:\/\/domenomania.pl\/centrum-wiedzy\/?page_id=1092"},"modified":"2020-09-29T09:07:03","modified_gmt":"2020-09-29T07:07:03","slug":"home","status":"publish","type":"page","link":"https:\/\/domenomania.pl\/centrum-wiedzy\/","title":{"rendered":"Centrum Wiedzy"},"content":{"rendered":"<div class=\"domen-przed-trescia\" id=\"domen-274511427\"><div style=\"margin-left: auto;margin-right: auto;text-align: center;\" id=\"domen-2356122830\"><a class=\"ad-wrapper\" title=\"Najta\u0144szy hositng\" href=\"https:\/\/vh.pl\/?utm_source=cw_domenomania&utm_medium=banner_artykultop&utm_campaign=pomoc\"><img loading=\"lazy\" decoding=\"async\" width=\"788\" height=\"90\" title=\"Zam\u00f3w najta\u0144szy hosting w Polsce!\" alt=\"Promocja na hosting\" src=\"https:\/\/domenomania.pl\/centrum-wiedzy\/wp-content\/uploads\/2024\/08\/banner-vh-top.png\"><\/a><\/div><\/div>","protected":false},"excerpt":{"rendered":"","protected":false},"author":1,"featured_media":0,"parent":0,"menu_order":0,"comment_status":"closed","ping_status":"closed","template":"","meta":{"footnotes":""},"class_list":["post-1092","page","type-page","status-publish","hentry"],"acf":[],"yoast_head":"<!-- This site is optimized with the Yoast SEO plugin v25.5 - https:\/\/yoast.com\/wordpress\/plugins\/seo\/ -->\n<title>Centrum Wiedzy &#187; Domeny i Hosting &#187; Domenomania.pl<\/title>\n<meta name=\"description\" content=\"Baza wiedzy o us\u0142ugach Domenomania.pl. Wyszukaj temat lub sprawd\u017a kategori\u0119, np. domeny lub hosting. Dowiedz si\u0119 wi\u0119cej na temat p\u0142atno\u015bci i rozlicze\u0144.\" \/>\n<meta name=\"robots\" content=\"index, follow, max-snippet:-1, max-image-preview:large, max-video-preview:-1\" \/>\n<link rel=\"canonical\" href=\"https:\/\/domenomania.pl\/centrum-wiedzy\/\" \/>\n<meta property=\"og:locale\" content=\"pl_PL\" \/>\n<meta property=\"og:type\" content=\"article\" \/>\n<meta property=\"og:title\" content=\"Centrum Wiedzy &#187; Domeny i Hosting &#187; Domenomania.pl\" \/>\n<meta property=\"og:description\" content=\"Baza wiedzy o us\u0142ugach Domenomania.pl. Wyszukaj temat lub sprawd\u017a kategori\u0119, np. domeny lub hosting. Dowiedz si\u0119 wi\u0119cej na temat p\u0142atno\u015bci i rozlicze\u0144.\" \/>\n<meta property=\"og:url\" content=\"https:\/\/domenomania.pl\/centrum-wiedzy\/\" \/>\n<meta property=\"og:site_name\" content=\"Domenomania.pl\" \/>\n<meta property=\"article:modified_time\" content=\"2020-09-29T07:07:03+00:00\" \/>\n<meta property=\"og:image\" content=\"https:\/\/domenomania.pl\/centrum-wiedzy\/wp-content\/uploads\/2021\/09\/D.png\" \/>\n\t<meta property=\"og:image:width\" content=\"1200\" \/>\n\t<meta property=\"og:image:height\" content=\"630\" \/>\n\t<meta property=\"og:image:type\" content=\"image\/png\" \/>\n<meta name=\"twitter:card\" content=\"summary_large_image\" \/>\n<script type=\"application\/ld+json\" class=\"yoast-schema-graph\">{\"@context\":\"https:\/\/schema.org\",\"@graph\":[{\"@type\":\"WebPage\",\"@id\":\"https:\/\/domenomania.pl\/centrum-wiedzy\/\",\"url\":\"https:\/\/domenomania.pl\/centrum-wiedzy\/\",\"name\":\"Centrum Wiedzy &#187; Domeny i Hosting &#187; Domenomania.pl\",\"isPartOf\":{\"@id\":\"https:\/\/domenomania.pl\/centrum-wiedzy\/#website\"},\"datePublished\":\"2020-05-29T11:17:51+00:00\",\"dateModified\":\"2020-09-29T07:07:03+00:00\",\"description\":\"Baza wiedzy o us\u0142ugach Domenomania.pl. Wyszukaj temat lub sprawd\u017a kategori\u0119, np. domeny lub hosting. Dowiedz si\u0119 wi\u0119cej na temat p\u0142atno\u015bci i rozlicze\u0144.\",\"breadcrumb\":{\"@id\":\"https:\/\/domenomania.pl\/centrum-wiedzy\/#breadcrumb\"},\"inLanguage\":\"pl-PL\",\"potentialAction\":[{\"@type\":\"ReadAction\",\"target\":[\"https:\/\/domenomania.pl\/centrum-wiedzy\/\"]}]},{\"@type\":\"BreadcrumbList\",\"@id\":\"https:\/\/domenomania.pl\/centrum-wiedzy\/#breadcrumb\",\"itemListElement\":[{\"@type\":\"ListItem\",\"position\":1,\"name\":\"Centrum wiedzy\",\"item\":\"https:\/\/domenomania.pl\/centrum-wiedzy\/\"},{\"@type\":\"ListItem\",\"position\":2,\"name\":\"Centrum Wiedzy\"}]},{\"@type\":\"WebSite\",\"@id\":\"https:\/\/domenomania.pl\/centrum-wiedzy\/#website\",\"url\":\"https:\/\/domenomania.pl\/centrum-wiedzy\/\",\"name\":\"Domenomania.pl\",\"description\":\"Baza artyku\u0142\u00f3w oraz instrukcji krok po kroku dotycz\u0105cych us\u0142ug domenomania.pl\/centrum-wiedzy, np. domeny, hosting\",\"publisher\":{\"@id\":\"https:\/\/domenomania.pl\/centrum-wiedzy\/#organization\"},\"potentialAction\":[{\"@type\":\"SearchAction\",\"target\":{\"@type\":\"EntryPoint\",\"urlTemplate\":\"https:\/\/domenomania.pl\/centrum-wiedzy\/?s={search_term_string}\"},\"query-input\":{\"@type\":\"PropertyValueSpecification\",\"valueRequired\":true,\"valueName\":\"search_term_string\"}}],\"inLanguage\":\"pl-PL\"},{\"@type\":\"Organization\",\"@id\":\"https:\/\/domenomania.pl\/centrum-wiedzy\/#organization\",\"name\":\"Domenomania.pl\",\"url\":\"https:\/\/domenomania.pl\/centrum-wiedzy\/\",\"logo\":{\"@type\":\"ImageObject\",\"inLanguage\":\"pl-PL\",\"@id\":\"https:\/\/domenomania.pl\/centrum-wiedzy\/#\/schema\/logo\/image\/\",\"url\":\"https:\/\/domenomania.pl\/centrum-wiedzy\/wp-content\/uploads\/2020\/06\/domenomania-logo.png\",\"contentUrl\":\"https:\/\/domenomania.pl\/centrum-wiedzy\/wp-content\/uploads\/2020\/06\/domenomania-logo.png\",\"width\":1941,\"height\":199,\"caption\":\"Domenomania.pl\"},\"image\":{\"@id\":\"https:\/\/domenomania.pl\/centrum-wiedzy\/#\/schema\/logo\/image\/\"}}]}<\/script>\n<!-- \/ Yoast SEO plugin. -->","yoast_head_json":{"title":"Centrum Wiedzy &#187; Domeny i Hosting &#187; Domenomania.pl","description":"Baza wiedzy o us\u0142ugach Domenomania.pl. Wyszukaj temat lub sprawd\u017a kategori\u0119, np. domeny lub hosting. Dowiedz si\u0119 wi\u0119cej na temat p\u0142atno\u015bci i rozlicze\u0144.","robots":{"index":"index","follow":"follow","max-snippet":"max-snippet:-1","max-image-preview":"max-image-preview:large","max-video-preview":"max-video-preview:-1"},"canonical":"https:\/\/domenomania.pl\/centrum-wiedzy\/","og_locale":"pl_PL","og_type":"article","og_title":"Centrum Wiedzy &#187; Domeny i Hosting &#187; Domenomania.pl","og_description":"Baza wiedzy o us\u0142ugach Domenomania.pl. Wyszukaj temat lub sprawd\u017a kategori\u0119, np. domeny lub hosting. Dowiedz si\u0119 wi\u0119cej na temat p\u0142atno\u015bci i rozlicze\u0144.","og_url":"https:\/\/domenomania.pl\/centrum-wiedzy\/","og_site_name":"Domenomania.pl","article_modified_time":"2020-09-29T07:07:03+00:00","og_image":[{"width":1200,"height":630,"url":"https:\/\/domenomania.pl\/centrum-wiedzy\/wp-content\/uploads\/2021\/09\/D.png","type":"image\/png"}],"twitter_card":"summary_large_image","schema":{"@context":"https:\/\/schema.org","@graph":[{"@type":"WebPage","@id":"https:\/\/domenomania.pl\/centrum-wiedzy\/","url":"https:\/\/domenomania.pl\/centrum-wiedzy\/","name":"Centrum Wiedzy &#187; Domeny i Hosting &#187; Domenomania.pl","isPartOf":{"@id":"https:\/\/domenomania.pl\/centrum-wiedzy\/#website"},"datePublished":"2020-05-29T11:17:51+00:00","dateModified":"2020-09-29T07:07:03+00:00","description":"Baza wiedzy o us\u0142ugach Domenomania.pl. Wyszukaj temat lub sprawd\u017a kategori\u0119, np. domeny lub hosting. Dowiedz si\u0119 wi\u0119cej na temat p\u0142atno\u015bci i rozlicze\u0144.","breadcrumb":{"@id":"https:\/\/domenomania.pl\/centrum-wiedzy\/#breadcrumb"},"inLanguage":"pl-PL","potentialAction":[{"@type":"ReadAction","target":["https:\/\/domenomania.pl\/centrum-wiedzy\/"]}]},{"@type":"BreadcrumbList","@id":"https:\/\/domenomania.pl\/centrum-wiedzy\/#breadcrumb","itemListElement":[{"@type":"ListItem","position":1,"name":"Centrum wiedzy","item":"https:\/\/domenomania.pl\/centrum-wiedzy\/"},{"@type":"ListItem","position":2,"name":"Centrum Wiedzy"}]},{"@type":"WebSite","@id":"https:\/\/domenomania.pl\/centrum-wiedzy\/#website","url":"https:\/\/domenomania.pl\/centrum-wiedzy\/","name":"Domenomania.pl","description":"Baza artyku\u0142\u00f3w oraz instrukcji krok po kroku dotycz\u0105cych us\u0142ug domenomania.pl\/centrum-wiedzy, np. domeny, hosting","publisher":{"@id":"https:\/\/domenomania.pl\/centrum-wiedzy\/#organization"},"potentialAction":[{"@type":"SearchAction","target":{"@type":"EntryPoint","urlTemplate":"https:\/\/domenomania.pl\/centrum-wiedzy\/?s={search_term_string}"},"query-input":{"@type":"PropertyValueSpecification","valueRequired":true,"valueName":"search_term_string"}}],"inLanguage":"pl-PL"},{"@type":"Organization","@id":"https:\/\/domenomania.pl\/centrum-wiedzy\/#organization","name":"Domenomania.pl","url":"https:\/\/domenomania.pl\/centrum-wiedzy\/","logo":{"@type":"ImageObject","inLanguage":"pl-PL","@id":"https:\/\/domenomania.pl\/centrum-wiedzy\/#\/schema\/logo\/image\/","url":"https:\/\/domenomania.pl\/centrum-wiedzy\/wp-content\/uploads\/2020\/06\/domenomania-logo.png","contentUrl":"https:\/\/domenomania.pl\/centrum-wiedzy\/wp-content\/uploads\/2020\/06\/domenomania-logo.png","width":1941,"height":199,"caption":"Domenomania.pl"},"image":{"@id":"https:\/\/domenomania.pl\/centrum-wiedzy\/#\/schema\/logo\/image\/"}}]}},"_links":{"self":[{"href":"https:\/\/domenomania.pl\/centrum-wiedzy\/wp-json\/wp\/v2\/pages\/1092","targetHints":{"allow":["GET"]}}],"collection":[{"href":"https:\/\/domenomania.pl\/centrum-wiedzy\/wp-json\/wp\/v2\/pages"}],"about":[{"href":"https:\/\/domenomania.pl\/centrum-wiedzy\/wp-json\/wp\/v2\/types\/page"}],"author":[{"embeddable":true,"href":"https:\/\/domenomania.pl\/centrum-wiedzy\/wp-json\/wp\/v2\/users\/1"}],"replies":[{"embeddable":true,"href":"https:\/\/domenomania.pl\/centrum-wiedzy\/wp-json\/wp\/v2\/comments?post=1092"}],"version-history":[{"count":2,"href":"https:\/\/domenomania.pl\/centrum-wiedzy\/wp-json\/wp\/v2\/pages\/1092\/revisions"}],"predecessor-version":[{"id":2879,"href":"https:\/\/domenomania.pl\/centrum-wiedzy\/wp-json\/wp\/v2\/pages\/1092\/revisions\/2879"}],"wp:attachment":[{"href":"https:\/\/domenomania.pl\/centrum-wiedzy\/wp-json\/wp\/v2\/media?parent=1092"}],"curies":[{"name":"wp","href":"https:\/\/api.w.org\/{rel}","templated":true}]}}